{"id":1646,"date":"2025-01-24T11:53:54","date_gmt":"2025-01-24T11:53:54","guid":{"rendered":"https:\/\/www.respectthewater.com\/amdanom-ni\/"},"modified":"2025-01-31T14:11:24","modified_gmt":"2025-01-31T14:11:24","slug":"amdanom-ni","status":"publish","type":"page","link":"https:\/\/www.respectthewater.com\/cy\/amdanom-ni\/","title":{"rendered":"Amdanom ni"},"content":{"rendered":"\n<section class=\"text_with_image_block left background-white is-layout-flow wp-block-group-is-layout-flow\">\n    <div class=\"container-cstm inner\">\n        <div class=\"image-col\">\n            <figure>\n                <img decoding=\"async\" class=\"lazy\" src=\"\/wp-content\/uploads\/2022\/07\/shutterstock_1614270934-1-1024x437.jpg\" alt=\"Pont dros gamlas gyda choed\">\n            <\/figure>\n        <\/div>\n        <div class=\"text-col\">\n            <h2>Beth yw #ParchuTheWater?<\/h2>\n            <p>#ParchuTheWater yw\u2019r ymgyrch genedlaethol ar gyfer aelodau\u2019r Fforwm Diogelwch D\u0175r Cenedlaethol (NWSF). Mae&#8217;n rhedeg trwy gydol y flwyddyn, ond gyda ffocws ar fisoedd prysur y gwanwyn a&#8217;r haf, gan ategu ac ehangu nifer o ymgyrchoedd diogelwch d\u0175r cenedlaethol. Ei nod yw darparu cyngor achub bywyd i&#8217;r rhai sydd mewn perygl yn y d\u0175r, ar y d\u0175r neu&#8217;n agos ato.<\/p>\n\n            <div>\n                <a class=\"button\" href=\"https:\/\/www.nationalwatersafety.org.uk\/respectthewater\" target=\"_blank\" rel=\"nofollow\">Darganfod Mwy<\/a>\n            <\/div>\n        <\/div>\n    <\/div>\n<\/section>\n\n<section class=\"text_with_image_block right background-white is-layout-flow wp-block-group-is-layout-flow\">\n    <div class=\"container-cstm inner\">\n        <div class=\"image-col\">\n            <figure>\n                <img decoding=\"async\" class=\"lazy\" src=\"\/wp-content\/uploads\/2022\/07\/shutterstock_493611343-1-1024x437.jpg\" alt=\"Pier a thraeth ger y mor\">\n            <\/figure>\n        <\/div>\n        <div class=\"text-col\">\n            <h2>Beth yw NWSF?<\/h2>\n            <p>Sefydlwyd NWSF yn 2004 yn dilyn adolygiad gan y Llywodraeth i ddiogelwch d\u0175r. Dod \u00e2 nifer o sefydliadau cenedlaethol ynghyd \u00e2\u2019r uchelgais o greu \u2018siop un stop\u2019 ar gyfer atal achosion o foddi a diogelwch d\u0175r yn y DU.<\/p>\n\n            <div>\n                <a class=\"button\" href=\"https:\/\/www.nationalwatersafety.org.uk\/\" target=\"_blank\" rel=\"nofollow\">Darganfod Mwy<\/a>\n            <\/div>\n        <\/div>\n    <\/div>\n<\/section>\n\n<section class=\"icon_grid is-layout-flow wp-block-group-is-layout-flow\">\n\n    <div class=\"inner container-cstm\">\n        <div class=\"intro\">\n            <h2>PAM MAE ANGEN NI?<\/h2>\n            <p>Mae nifer y marwolaethau trwy foddi yn y DU yn dal yn annerbyniol o uchel. Ac nid ar yr arfordir yn unig y mae \u2013 mae 62% o achosion o foddi yn digwydd yn fewndirol mewn afonydd, camlesi, llynnoedd, cronfeydd d\u0175r a chwareli. O&#8217;r marwolaethau hyn, nid oedd llawer o&#8217;r dioddefwyr byth yn bwriadu mynd i mewn i&#8217;r d\u0175r ac roedd 83% syfrdanol ohonynt yn ddynion.<\/p>\n        <\/div>\n        <div class=\"icon-wrapper\">\n            <div class=\"icon\">\n\n                <img decoding=\"async\" class=\"lazy\" src=\"\/app\/themes\/mm-press\/images\/svgs\/waves.svg\" height=\"186\">\n                <p>Mae <strong>dyfroedd agored mewndirol<\/strong> , megis afonydd, camlesi, llynnoedd, cronfeydd d\u0175r a chwareli yn parhau i fod y <strong>lleoliadau mwyaf blaenllaw gyda 62 y cant o farwolaethau<\/strong> (N=168)<\/p>\n\n            <\/div>\n            <div class=\"icon\">\n\n                <img decoding=\"async\" class=\"lazy\" src=\"\/app\/themes\/mm-press\/images\/svgs\/person.svg\" height=\"186\">\n                <p>Mae <strong>gwrywod<\/strong> yn parhau i orgynrychioli gydag <strong>83 y cant o farwolaethau<\/strong> (N=230)<\/p>\n\n            <\/div>\n            <div class=\"icon\">\n\n                <img decoding=\"async\" class=\"lazy\" src=\"\/app\/themes\/mm-press\/images\/svgs\/tripping-person.svg\" height=\"186\">\n                <p>Nid oedd gan <strong>40 y cant<\/strong> o bobl <strong>unrhyw fwriad i fynd i mewn i\u2019r d\u0175r<\/strong> , megis y rhai oedd yn cerdded, gydag achosion yn cynnwys llithro, baglu a chwympo, cael eu torri i ffwrdd gan y llanw, neu eu hysgubo i mewn gan donnau (N=107)<\/p>\n\n            <\/div>\n        <\/div>\n    <\/div>\n\n<\/section>\n\n<section class=\"highlighted_text_with_image_block lazy is-layout-flow wp-block-group-is-layout-flow\" style=\"\" data-bg=\"url(\/wp-content\/wp-content\/uploads\/2022\/07\/shutterstock_1125954200-2-1.jpg)\">\n    <div class=\"border-panel\">\n        <div>\n            <div>\n                <h2>YMGYRCHOEDD<\/h2>\n                <p>Mae ein hymgyrchoedd yn annog pobl i barchu\u2019r d\u0175r, gan eu haddysgu sut i fwynhau\u2019r d\u0175r yn ddiogel a beth i\u2019w wneud mewn argyfwng. Gwyddom fod ymgyrchoedd ein haelodau wedi helpu i achub bywydau yn y gorffennol, a thrwy gydweithio\u2019n agosach rydym yn gobeithio achub llawer mwy yn y dyfodol.<\/p>\n            <\/div>\n\n            <div>\n                <a class=\"button\" href=\"\/wp-content\/campaigns-resources\/\">Darganfod Mwy<\/a>\n            <\/div>\n        <\/div>\n    <\/div>\n\n<\/section>\n\n<section class=\"text_with_heading background-mid-blue is-layout-flow wp-block-group-is-layout-flow\">\n    <div class=\"inner container-cstm\">\n        <div>\n            <h2>Cysylltwch \u00e2 Ni<\/h2>\n        <\/div>\n        <div>\n            <p>Am ragor o wybodaeth, gallwch gysylltu \u00e2 ni trwy lenwi&#8217;r ffurflen ar y ddolen isod.<\/p>\n            <div class=\"button-wrapper\">\n                <a class=\"button\" href=\"\/wp-content\/press-and-media-enquiries\/\">Cysylltwch \u00e2 ni<\/a>\n            <\/div>\n        <\/div>\n    <\/div>\n<\/section>\n","protected":false},"excerpt":{"rendered":"<p>Beth yw #ParchuTheWater? #ParchuTheWater yw\u2019r ymgyrch genedlaethol ar gyfer aelodau\u2019r Fforwm Diogelwch D\u0175r Cenedlaethol (NWSF). Mae&#8217;n rhedeg trwy gydol y flwyddyn, ond gyda ffocws ar fisoedd prysur y gwanwyn a&#8217;r haf, gan ategu ac ehangu nifer o ymgyrchoedd diogelwch d\u0175r cenedlaethol. Ei nod yw darparu cyngor achub bywyd i&#8217;r rhai sydd mewn perygl yn y&hellip;&nbsp;<a href=\"https:\/\/www.respectthewater.com\/cy\/amdanom-ni\/\" rel=\"bookmark\">Read More &raquo;<span class=\"screen-reader-text\">Amdanom ni<\/span><\/a><\/p>\n","protected":false},"author":1,"featured_media":1427,"parent":0,"menu_order":0,"comment_status":"closed","ping_status":"closed","template":"","meta":{"neve_meta_sidebar":"","neve_meta_container":"","neve_meta_enable_content_width":"","neve_meta_content_width":0,"neve_meta_title_alignment":"","neve_meta_author_avatar":"","neve_post_elements_order":"","neve_meta_disable_header":"","neve_meta_disable_footer":"","neve_meta_disable_title":"","footnotes":""},"class_list":["post-1646","page","type-page","status-publish","has-post-thumbnail","hentry"],"_links":{"self":[{"href":"https:\/\/www.respectthewater.com\/cy\/wp-json\/wp\/v2\/pages\/1646","targetHints":{"allow":["GET"]}}],"collection":[{"href":"https:\/\/www.respectthewater.com\/cy\/wp-json\/wp\/v2\/pages"}],"about":[{"href":"https:\/\/www.respectthewater.com\/cy\/wp-json\/wp\/v2\/types\/page"}],"author":[{"embeddable":true,"href":"https:\/\/www.respectthewater.com\/cy\/wp-json\/wp\/v2\/users\/1"}],"replies":[{"embeddable":true,"href":"https:\/\/www.respectthewater.com\/cy\/wp-json\/wp\/v2\/comments?post=1646"}],"version-history":[{"count":1,"href":"https:\/\/www.respectthewater.com\/cy\/wp-json\/wp\/v2\/pages\/1646\/revisions"}],"predecessor-version":[{"id":1647,"href":"https:\/\/www.respectthewater.com\/cy\/wp-json\/wp\/v2\/pages\/1646\/revisions\/1647"}],"wp:featuredmedia":[{"embeddable":true,"href":"https:\/\/www.respectthewater.com\/cy\/wp-json\/wp\/v2\/media\/1427"}],"wp:attachment":[{"href":"https:\/\/www.respectthewater.com\/cy\/wp-json\/wp\/v2\/media?parent=1646"}],"curies":[{"name":"wp","href":"https:\/\/api.w.org\/{rel}","templated":true}]}}