{"id":1665,"date":"2022-07-04T15:20:52","date_gmt":"2022-07-04T14:20:52","guid":{"rendered":"https:\/\/www.respectthewater.com\/eich-straeon\/"},"modified":"2025-01-31T15:00:57","modified_gmt":"2025-01-31T15:00:57","slug":"eich-straeon","status":"publish","type":"page","link":"https:\/\/www.respectthewater.com\/cy\/eich-straeon\/","title":{"rendered":"Eich straeon"},"content":{"rendered":"\n<section class=\"stories_feed is-layout-flow wp-block-group-is-layout-flow\">\n    <div class=\"inner container-cstm\">\n        <div class=\"content\">\n            <div class=\"stories_feed_filter\">\n                <label class=\"filter\">Hidlo:  <\/label>\n                <div class=\"checkbox\"><input type=\"radio\" name=\"filter\" value=\"*\" checked id=\"All\"><label for=\"All\">Pob stori<\/label><\/div>\n\n                <div class=\"checkbox\"><input type=\"radio\" name=\"filter\" value=\"straeon arfordirol\" id=\"Coastal Stories\"><label for=\"Coastal Stories\">Straeon yr Arfordir<\/label><\/div>\n                <div class=\"checkbox\"><input type=\"radio\" name=\"filter\" value=\"straeon mewndirol\" id=\"Inland Stories\"><label for=\"Inland Stories\">Stor\u00efau Mewndirol<\/label><\/div>\n            <\/div>\n\n            <div id=\"post-filter\">\n                <div class=\"posts-listing list\">\n\n                    <div class=\"post inland-stories\">\n                        <div class=\"image-wrapper\">\n                            <figure class=\"img single-feed-img \">\n\n                    <div class=\"image-wrapper\" style=\"background-color: #f0f0f0;\">\n                        <figure class=\"img single-feed-img\">\n                            <img decoding=\"async\" src=\"\/wp-content\/uploads\/2024\/03\/Picture1.jpg\" alt=\"Thando\">\n                        <\/figure>\n                    <\/div>\n                            <\/figure>\n                        <\/div>\n\n                        <div class=\"text-block\">\n                            <h3 class=\"desc\">\n  Thando  <\/h3>\n                            <p>Mae Jabulani a Nombulelo Ndlovu wedi gweithio gyda Gwasanaeth T\u00e2n ac Achub Swydd Derby i helpu i atal boddi damweiniol ar \u00f4l colli eu mab yn 2021.  <\/p>\n                        <\/div>\n                        <a href=\"https:\/\/respectthewater.com\/story\/thando\/\" class=\"button\">Darllen Mwy<\/a>\n                    <\/div>\n\n                    <div class=\"post coastal-stories\">\n                        <div class=\"image-wrapper\">\n                            <figure class=\"img single-feed-img \">\n                                <img decoding=\"async\" class=\"lazy\" src=\"\/wp-content\/uploads\/2024\/01\/Robbie-and-Gareth-Jones-e1713863443256.jpeg\" alt=\"Robbie\">\n                            <\/figure>\n                        <\/div>\n\n                        <div class=\"text-block\">\n                            <h3 class=\"desc\">\n  Robbie  <\/h3>\n                            <p>Robbie Jones sy\u2019n adrodd hanes colli ei dad Gareth i\u2019r m\u00f4r ym mis Ionawr 2021.<\/p>\n                        <\/div>\n                        <a href=\"https:\/\/respectthewater.com\/story\/robbie\/\" class=\"button\">Darllen Mwy<\/a>\n                    <\/div>\n\n                    <div class=\"post \">\n                        <div class=\"image-wrapper\">\n                            <figure class=\"img single-feed-img \">\n                                <img decoding=\"async\" class=\"lazy\" src=\"\/wp-content\/uploads\/2022\/07\/Millie-2.jpg\" alt=\"Millie\">\n                            <\/figure>\n                        <\/div>\n\n                        <div class=\"text-block\">\n                            <h3 class=\"desc\">\n  Millie  <\/h3>\n                            <p>Roedd y chwaer a\u2019r brawd Emma (16) a Ben (14) a\u2019u ffrind Millie (16), i gyd o Hastings yn Nwyrain Sussex, yn rhan o gr\u0175p a ddefnyddiodd fodrwy bywyd i helpu i achub dau nofiwr oedrannus a oedd mewn trafferthion yn Rock&#8211; traeth a-Nore yn Hastings, a gwnaeth Millie yr alwad 999 i Wylwyr y Glannau.  <\/p>\n                        <\/div>\n                        <a href=\"https:\/\/respectthewater.com\/story\/millie\/\" class=\"button\">Darllen Mwy<\/a>\n                    <\/div>\n\n                    <div class=\"post \">\n                        <div class=\"image-wrapper\">\n                            <figure class=\"img single-feed-img \">\n                                <img decoding=\"async\" class=\"lazy\" src=\"\/wp-content\/uploads\/2022\/07\/Nicola-Jenkins-3.jpg\" alt=\"Nicola\">\n                            <\/figure>\n                        <\/div>\n\n                        <div class=\"text-block\">\n                            <h3 class=\"desc\">\n  Nicola  <\/h3>\n                            <p>Mae Nicola, 46, o Nottingham yn gwybod pa mor bwysig yw&#8217;r cyngor diogelwch. Yn drist iawn, collodd ei mab Owen, 12, ei fywyd a boddi ar \u00f4l achub ffrind aeth i drafferthion yn y d\u0175r.<\/p>\n                        <\/div>\n                        <a href=\"https:\/\/respectthewater.com\/story\/nicola-jenkins\/\" class=\"button\">Darllen Mwy<\/a>\n                    <\/div>\n\n                    <div class=\"post \">\n                        <div class=\"image-wrapper\">\n                            <figure class=\"img single-feed-img \">\n                                <img decoding=\"async\" class=\"lazy\" src=\"\/wp-content\/uploads\/2022\/07\/rnli_says_floating_saves_lives2-2.jpg\" alt=\"Simon\">\n                            <\/figure>\n                        <\/div>\n\n                        <div class=\"text-block\">\n                            <h3 class=\"desc\">\n  Simon  <\/h3>\n                            <p>Dilynodd Simon, o Newcastle, Tyne a Wear gyngor pan aeth ei fab, Evan, i drafferthion yn y d\u0175r tra ar wyliau. Roedden nhw ym Mae Beadnell ac roedd Evan a\u2019i ffrindiau\u2019n nofio yn y d\u0175r, roedd y m\u00f4r yn f\u00e2n y diwrnod hwnnw a\u2019r tonnau\u2019n fawr.<\/p>\n                        <\/div>\n                        <a href=\"https:\/\/respectthewater.com\/story\/simon-chrisp\/\" class=\"button\">Darllen Mwy<\/a>\n                    <\/div>\n                <\/div>\n            <\/div>\n        <\/div>\n    <\/div>\n<\/section>\n","protected":false},"excerpt":{"rendered":"<p>Hidlo: Pob stori Straeon yr Arfordir Stor\u00efau Mewndirol Thando Mae Jabulani a Nombulelo Ndlovu wedi gweithio gyda Gwasanaeth T\u00e2n ac Achub Swydd Derby i helpu i atal boddi damweiniol ar \u00f4l colli eu mab yn 2021. Darllen Mwy Robbie Robbie Jones sy\u2019n adrodd hanes colli ei dad Gareth i\u2019r m\u00f4r ym mis Ionawr 2021. Darllen&hellip;&nbsp;<a href=\"https:\/\/www.respectthewater.com\/cy\/eich-straeon\/\" rel=\"bookmark\">Read More &raquo;<span class=\"screen-reader-text\">Eich straeon<\/span><\/a><\/p>\n","protected":false},"author":3,"featured_media":1428,"parent":0,"menu_order":0,"comment_status":"closed","ping_status":"closed","template":"","meta":{"neve_meta_sidebar":"","neve_meta_container":"","neve_meta_enable_content_width":"","neve_meta_content_width":0,"neve_meta_title_alignment":"","neve_meta_author_avatar":"","neve_post_elements_order":"","neve_meta_disable_header":"","neve_meta_disable_footer":"","neve_meta_disable_title":"","footnotes":""},"class_list":["post-1665","page","type-page","status-publish","has-post-thumbnail","hentry"],"_links":{"self":[{"href":"https:\/\/www.respectthewater.com\/cy\/wp-json\/wp\/v2\/pages\/1665","targetHints":{"allow":["GET"]}}],"collection":[{"href":"https:\/\/www.respectthewater.com\/cy\/wp-json\/wp\/v2\/pages"}],"about":[{"href":"https:\/\/www.respectthewater.com\/cy\/wp-json\/wp\/v2\/types\/page"}],"author":[{"embeddable":true,"href":"https:\/\/www.respectthewater.com\/cy\/wp-json\/wp\/v2\/users\/3"}],"replies":[{"embeddable":true,"href":"https:\/\/www.respectthewater.com\/cy\/wp-json\/wp\/v2\/comments?post=1665"}],"version-history":[{"count":1,"href":"https:\/\/www.respectthewater.com\/cy\/wp-json\/wp\/v2\/pages\/1665\/revisions"}],"predecessor-version":[{"id":1666,"href":"https:\/\/www.respectthewater.com\/cy\/wp-json\/wp\/v2\/pages\/1665\/revisions\/1666"}],"wp:featuredmedia":[{"embeddable":true,"href":"https:\/\/www.respectthewater.com\/cy\/wp-json\/wp\/v2\/media\/1428"}],"wp:attachment":[{"href":"https:\/\/www.respectthewater.com\/cy\/wp-json\/wp\/v2\/media?parent=1665"}],"curies":[{"name":"wp","href":"https:\/\/api.w.org\/{rel}","templated":true}]}}